{"id":174,"date":"2020-04-16T11:26:05","date_gmt":"2020-04-16T11:26:05","guid":{"rendered":"https:\/\/zakra-professional.sites.qsandbox.com\/?page_id=174"},"modified":"2022-09-14T14:52:19","modified_gmt":"2022-09-14T12:52:19","slug":"contact","status":"publish","type":"page","link":"https:\/\/etude-genealex.com\/index.php\/contact\/","title":{"rendered":"Contact"},"content":{"rendered":"\t\t<div data-elementor-type=\"wp-page\" data-elementor-id=\"174\" class=\"elementor elementor-174\">\n\t\t\t\t\t\t<div class=\"elementor-inner\">\n\t\t\t\t<div class=\"elementor-section-wrap\">\n\t\t\t\t\t\t\t\t\t<section class=\"elementor-section elementor-top-section elementor-element elementor-element-c5c3b90 elementor-section-boxed elementor-section-height-default elementor-section-height-default\" data-id=\"c5c3b90\" data-element_type=\"section\" id=\"menu-langues\">\n\t\t\t\t\t\t<div class=\"elementor-container elementor-column-gap-default\">\n\t\t\t\t\t\t\t<div class=\"elementor-row\">\n\t\t\t\t\t<div class=\"elementor-column elementor-col-100 elementor-top-column elementor-element elementor-element-fc4e97d\" data-id=\"fc4e97d\" data-element_type=\"column\">\n\t\t\t<div class=\"elementor-column-wrap\">\n\t\t\t\t\t\t\t<div class=\"elementor-widget-wrap\">\n\t\t\t\t\t\t\t\t<\/div>\n\t\t\t\t\t<\/div>\n\t\t<\/div>\n\t\t\t\t\t\t\t\t<\/div>\n\t\t\t\t\t<\/div>\n\t\t<\/section>\n\t\t\t\t<section class=\"elementor-section elementor-top-section elementor-element elementor-element-9e08137 elementor-section-boxed elementor-section-height-default elementor-section-height-default\" data-id=\"9e08137\" data-element_type=\"section\" id=\"page-header\" data-settings=\"{&quot;background_background&quot;:&quot;classic&quot;}\">\n\t\t\t\t\t\t\t<div class=\"elementor-background-overlay\"><\/div>\n\t\t\t\t\t\t\t<div class=\"elementor-container elementor-column-gap-default\">\n\t\t\t\t\t\t\t<div class=\"elementor-row\">\n\t\t\t\t\t<div class=\"elementor-column elementor-col-100 elementor-top-column elementor-element elementor-element-4a80843\" data-id=\"4a80843\" data-element_type=\"column\">\n\t\t\t<div class=\"elementor-column-wrap elementor-element-populated\">\n\t\t\t\t\t\t\t<div class=\"elementor-widget-wrap\">\n\t\t\t\t\t\t<div class=\"elementor-element elementor-element-b0b2f4c elementor-widget elementor-widget-heading\" data-id=\"b0b2f4c\" data-element_type=\"widget\" id=\"page-title\" data-widget_type=\"heading.default\">\n\t\t\t\t<div class=\"elementor-widget-container\">\n\t\t\t<h2 class=\"elementor-heading-title elementor-size-default\">Contact<\/h2>\t\t<\/div>\n\t\t\t\t<\/div>\n\t\t\t\t\t\t<\/div>\n\t\t\t\t\t<\/div>\n\t\t<\/div>\n\t\t\t\t\t\t\t\t<\/div>\n\t\t\t\t\t<\/div>\n\t\t<\/section>\n\t\t\t\t<section class=\"elementor-section elementor-top-section elementor-element elementor-element-2d35b02d elementor-section-boxed elementor-section-height-default elementor-section-height-default\" data-id=\"2d35b02d\" data-element_type=\"section\" id=\"contact-form\" data-settings=\"{&quot;background_background&quot;:&quot;classic&quot;}\">\n\t\t\t\t\t\t<div class=\"elementor-container elementor-column-gap-default\">\n\t\t\t\t\t\t\t<div class=\"elementor-row\">\n\t\t\t\t\t<div class=\"elementor-column elementor-col-100 elementor-top-column elementor-element elementor-element-49c79498\" data-id=\"49c79498\" data-element_type=\"column\" data-settings=\"{&quot;background_background&quot;:&quot;classic&quot;}\">\n\t\t\t<div class=\"elementor-column-wrap elementor-element-populated\">\n\t\t\t\t\t<div class=\"elementor-background-overlay\"><\/div>\n\t\t\t\t\t\t\t<div class=\"elementor-widget-wrap\">\n\t\t\t\t\t\t<div class=\"elementor-element elementor-element-4f2f3fd elementor-widget elementor-widget-heading\" data-id=\"4f2f3fd\" data-element_type=\"widget\" data-widget_type=\"heading.default\">\n\t\t\t\t<div class=\"elementor-widget-container\">\n\t\t\t<h2 class=\"elementor-heading-title elementor-size-default\">\u00c9crivez-nous<\/h2>\t\t<\/div>\n\t\t\t\t<\/div>\n\t\t\t\t<section class=\"elementor-section elementor-inner-section elementor-element elementor-element-60bebe33 elementor-section-boxed elementor-section-height-default elementor-section-height-default\" data-id=\"60bebe33\" data-element_type=\"section\">\n\t\t\t\t\t\t<div class=\"elementor-container elementor-column-gap-default\">\n\t\t\t\t\t\t\t<div class=\"elementor-row\">\n\t\t\t\t\t<div class=\"elementor-column elementor-col-100 elementor-inner-column elementor-element elementor-element-20d98105\" data-id=\"20d98105\" data-element_type=\"column\">\n\t\t\t<div class=\"elementor-column-wrap\">\n\t\t\t\t\t\t\t<div class=\"elementor-widget-wrap\">\n\t\t\t\t\t\t\t\t<\/div>\n\t\t\t\t\t<\/div>\n\t\t<\/div>\n\t\t\t\t\t\t\t\t<\/div>\n\t\t\t\t\t<\/div>\n\t\t<\/section>\n\t\t\t\t<section class=\"elementor-section elementor-inner-section elementor-element elementor-element-2bfa91a elementor-section-boxed elementor-section-height-default elementor-section-height-default\" data-id=\"2bfa91a\" data-element_type=\"section\">\n\t\t\t\t\t\t<div class=\"elementor-container elementor-column-gap-default\">\n\t\t\t\t\t\t\t<div class=\"elementor-row\">\n\t\t\t\t\t<div class=\"elementor-column elementor-col-100 elementor-inner-column elementor-element elementor-element-db9e3ba\" data-id=\"db9e3ba\" data-element_type=\"column\">\n\t\t\t<div class=\"elementor-column-wrap elementor-element-populated\">\n\t\t\t\t\t\t\t<div class=\"elementor-widget-wrap\">\n\t\t\t\t\t\t<div class=\"elementor-element elementor-element-8725010 elementor-align-left elementor-widget__width-auto elementor-widget elementor-widget-button\" data-id=\"8725010\" data-element_type=\"widget\" data-widget_type=\"button.default\">\n\t\t\t\t<div class=\"elementor-widget-container\">\n\t\t\t\t\t<div class=\"elementor-button-wrapper\">\n\t\t\t<a href=\"tel:+33240332167\" class=\"elementor-button-link elementor-button elementor-size-sm elementor-animation-grow\" role=\"button\">\n\t\t\t\t\t\t<span class=\"elementor-button-content-wrapper\">\n\t\t\t\t\t\t\t<span class=\"elementor-button-icon elementor-align-icon-left\">\n\t\t\t\t<i aria-hidden=\"true\" class=\"fas fa-phone\"><\/i>\t\t\t<\/span>\n\t\t\t\t\t\t<span class=\"elementor-button-text\">02 40 33 21 67<\/span>\n\t\t<\/span>\n\t\t\t\t\t<\/a>\n\t\t<\/div>\n\t\t\t\t<\/div>\n\t\t\t\t<\/div>\n\t\t\t\t<div class=\"elementor-element elementor-element-6e8b730a elementor-widget elementor-widget-text-editor\" data-id=\"6e8b730a\" data-element_type=\"widget\" data-widget_type=\"text-editor.default\">\n\t\t\t\t<div class=\"elementor-widget-container\">\n\t\t\t\t\t\t\t\t<div class=\"elementor-text-editor elementor-clearfix\">\n\t\t\t\t<p>Que vous ayez une question sur une succession ou que vous souhaitiez nous mandater concernant un d\u00e9c\u00e8s dont vous avez connaissance, n\u2019h\u00e9sitez pas \u00e0 nous \u00e9crire !<\/p>\t\t\t\t\t<\/div>\n\t\t\t\t\t\t<\/div>\n\t\t\t\t<\/div>\n\t\t\t\t\t\t<\/div>\n\t\t\t\t\t<\/div>\n\t\t<\/div>\n\t\t\t\t\t\t\t\t<\/div>\n\t\t\t\t\t<\/div>\n\t\t<\/section>\n\t\t\t\t<section class=\"elementor-section elementor-inner-section elementor-element elementor-element-7729481 elementor-section-boxed elementor-section-height-default elementor-section-height-default\" data-id=\"7729481\" data-element_type=\"section\">\n\t\t\t\t\t\t<div class=\"elementor-container elementor-column-gap-default\">\n\t\t\t\t\t\t\t<div class=\"elementor-row\">\n\t\t\t\t\t<div class=\"elementor-column elementor-col-100 elementor-inner-column elementor-element elementor-element-e8848b3\" data-id=\"e8848b3\" data-element_type=\"column\">\n\t\t\t<div class=\"elementor-column-wrap elementor-element-populated\">\n\t\t\t\t\t\t\t<div class=\"elementor-widget-wrap\">\n\t\t\t\t\t\t<div class=\"elementor-element elementor-element-76968f2 elementor-align-left elementor-widget__width-auto elementor-widget elementor-widget-button\" data-id=\"76968f2\" data-element_type=\"widget\" data-widget_type=\"button.default\">\n\t\t\t\t<div class=\"elementor-widget-container\">\n\t\t\t\t\t<div class=\"elementor-button-wrapper\">\n\t\t\t<a href=\"mailto:contact@etude-genealex.com\" class=\"elementor-button-link elementor-button elementor-size-sm elementor-animation-grow\" role=\"button\">\n\t\t\t\t\t\t<span class=\"elementor-button-content-wrapper\">\n\t\t\t\t\t\t\t<span class=\"elementor-button-icon elementor-align-icon-left\">\n\t\t\t\t<i aria-hidden=\"true\" class=\"far fa-envelope\"><\/i>\t\t\t<\/span>\n\t\t\t\t\t\t<span class=\"elementor-button-text\">contact@etude-genealex.com<\/span>\n\t\t<\/span>\n\t\t\t\t\t<\/a>\n\t\t<\/div>\n\t\t\t\t<\/div>\n\t\t\t\t<\/div>\n\t\t\t\t\t\t<\/div>\n\t\t\t\t\t<\/div>\n\t\t<\/div>\n\t\t\t\t\t\t\t\t<\/div>\n\t\t\t\t\t<\/div>\n\t\t<\/section>\n\t\t\t\t<div class=\"elementor-element elementor-element-2cc94ee6 elementor-widget elementor-widget-shortcode\" data-id=\"2cc94ee6\" data-element_type=\"widget\" id=\"contact-form-everest\" data-widget_type=\"shortcode.default\">\n\t\t\t\t<div class=\"elementor-widget-container\">\n\t\t\t\t\t<div class=\"elementor-shortcode\"><div class=\"everest-forms\"><div class=\"evf-container default\" id=\"evf-183\"><form id=\"evf-form-183\" class=\"everest-form\" data-formid=\"183\" data-ajax_submission=\"0\" method=\"post\" enctype=\"multipart\/form-data\" action=\"\/index.php\/wp-json\/wp\/v2\/pages\/174\"><div class=\"evf-field-container\"><input type=\"hidden\" id=\"_wpnonce183\" name=\"_wpnonce183\" value=\"0c82d9c136\" \/><input type=\"hidden\" name=\"_wp_http_referer\" value=\"\/index.php\/wp-json\/wp\/v2\/pages\/174\" \/><div class=\"evf-frontend-row\" data-row=\"row_1\"><div class=\"evf-frontend-grid evf-grid-1\" data-grid=\"grid_1\"><div id=\"evf-183-field_fullname-container\" class=\"evf-field evf-field-text form-row validate-required\" data-required-field-message=\"Veuillez saisir votre nom complet.\" data-field-id=\"fullname\"><label class=\"evf-field-label\" for=\"evf-183-field_fullname\"><span class=\"evf-label\">Nom complet<\/span> <abbr class=\"required\" title=\"N\u00e9cessaire\">*<\/abbr><\/label><input type=\"text\" id=\"evf-183-field_fullname\" class=\"input-text\" name=\"everest_forms[form_fields][fullname]\" placeholder=\"Exemple : Fran\u00e7ois Dupont\" required><\/div><div id=\"evf-183-field_email-container\" class=\"evf-field evf-field-email form-row validate-required validate-email\" data-required-field-message=\"Veuillez saisir votre adresse mail.\" data-field-id=\"email\"><label class=\"evf-field-label\" for=\"evf-183-field_email\"><span class=\"evf-label\">Adresse mail<\/span> <abbr class=\"required\" title=\"N\u00e9cessaire\">*<\/abbr><\/label><input type=\"email\" id=\"evf-183-field_email\" class=\"input-text\" name=\"everest_forms[form_fields][email]\" placeholder=\"Exemple : francois.dupont@exemple.fr\" required><\/div><div id=\"evf-183-field_ywZOwkmpDD-1-container\" class=\"evf-field evf-field-text form-row\" data-field-id=\"ywZOwkmpDD-1\"><label class=\"evf-field-label\" for=\"evf-183-field_ywZOwkmpDD-1\"><span class=\"evf-label\">Num\u00e9ro de t\u00e9l\u00e9phone<\/span> <\/label><input type=\"text\" id=\"evf-183-field_ywZOwkmpDD-1\" class=\"input-text\" name=\"everest_forms[form_fields][ywZOwkmpDD-1]\" placeholder=\"Exemple : 01 53 92 02 00\" ><\/div><div id=\"evf-183-field_subject-container\" class=\"evf-field evf-field-text form-row validate-required\" data-required-field-message=\"Veuillez saisir l&#039;objet de votre message.\" data-field-id=\"subject\"><label class=\"evf-field-label\" for=\"evf-183-field_subject\"><span class=\"evf-label\">Objet<\/span> <abbr class=\"required\" title=\"N\u00e9cessaire\">*<\/abbr><\/label><input type=\"text\" id=\"evf-183-field_subject\" class=\"input-text\" name=\"everest_forms[form_fields][subject]\" placeholder=\"Exemple : Recherche d&#039;un h\u00e9ritier\" required><\/div><div id=\"evf-183-field_message-container\" class=\"evf-field evf-field-textarea form-row validate-required\" data-required-field-message=\"Veuillez saisir votre message.\" data-field-id=\"message\"><label class=\"evf-field-label\" for=\"evf-183-field_message\"><span class=\"evf-label\">Message<\/span> <abbr class=\"required\" title=\"N\u00e9cessaire\">*<\/abbr><\/label><textarea id=\"evf-183-field_message\" class=\"input-text\" name=\"everest_forms[form_fields][message]\" placeholder=\"Exemple : Bonjour, j&#039;aimerais faire appel \u00e0 vos services pour retrouver les h\u00e9ritiers d&#039;une succession [...]\" required><\/textarea><\/div><\/div><\/div><\/div><div class=\"evf-honeypot-container evf-field-hp\"><label for=\"evf-183-field-hp\" class=\"evf-field-label\">Name<\/label><input type=\"text\" name=\"everest_forms[hp]\" id=\"evf-183-field-hp\" class=\"input-text\"><\/div><div class=\"evf-submit-container \" ><input type=\"hidden\" name=\"everest_forms[id]\" value=\"183\"><input type=\"hidden\" name=\"everest_forms[author]\" value=\"2\"><button type='submit' name='everest_forms[submit]' class='everest-forms-submit-button button evf-submit ' id='evf-submit-183' value='evf-submit' data-process-text=\"Envoi en cours...\" conditional_rules='&quot;&quot;' conditional_id='evf-submit-183' style=\"display:block\" id=\"evf-submit-183\" aria-live=\"assertive\">Envoyer<\/button><\/div><\/form><\/div><!-- .evf-container --><\/div><\/div>\n\t\t\t\t<\/div>\n\t\t\t\t<\/div>\n\t\t\t\t\t\t<\/div>\n\t\t\t\t\t<\/div>\n\t\t<\/div>\n\t\t\t\t\t\t\t\t<\/div>\n\t\t\t\t\t<\/div>\n\t\t<\/section>\n\t\t\t\t<section class=\"elementor-section elementor-top-section elementor-element elementor-element-068a21b elementor-section-boxed elementor-section-height-default elementor-section-height-default\" data-id=\"068a21b\" data-element_type=\"section\">\n\t\t\t\t\t\t<div class=\"elementor-container elementor-column-gap-default\">\n\t\t\t\t\t\t\t<div class=\"elementor-row\">\n\t\t\t\t\t<div class=\"elementor-column elementor-col-100 elementor-top-column elementor-element elementor-element-ff0370b\" data-id=\"ff0370b\" data-element_type=\"column\">\n\t\t\t<div class=\"elementor-column-wrap elementor-element-populated\">\n\t\t\t\t\t\t\t<div class=\"elementor-widget-wrap\">\n\t\t\t\t\t\t<div class=\"elementor-element elementor-element-f21d2ad elementor-widget elementor-widget-spacer\" data-id=\"f21d2ad\" data-element_type=\"widget\" data-widget_type=\"spacer.default\">\n\t\t\t\t<div class=\"elementor-widget-container\">\n\t\t\t\t\t<div class=\"elementor-spacer\">\n\t\t\t<div class=\"elementor-spacer-inner\"><\/div>\n\t\t<\/div>\n\t\t\t\t<\/div>\n\t\t\t\t<\/div>\n\t\t\t\t\t\t<\/div>\n\t\t\t\t\t<\/div>\n\t\t<\/div>\n\t\t\t\t\t\t\t\t<\/div>\n\t\t\t\t\t<\/div>\n\t\t<\/section>\n\t\t\t\t<section class=\"elementor-section elementor-top-section elementor-element elementor-element-f89ce59 elementor-section-boxed elementor-section-height-default elementor-section-height-default\" data-id=\"f89ce59\" data-element_type=\"section\" data-settings=\"{&quot;background_background&quot;:&quot;classic&quot;}\">\n\t\t\t\t\t\t\t<div class=\"elementor-background-overlay\"><\/div>\n\t\t\t\t\t\t\t<div class=\"elementor-container elementor-column-gap-default\">\n\t\t\t\t\t\t\t<div class=\"elementor-row\">\n\t\t\t\t\t<div class=\"elementor-column elementor-col-100 elementor-top-column elementor-element elementor-element-8c5a864\" data-id=\"8c5a864\" data-element_type=\"column\">\n\t\t\t<div class=\"elementor-column-wrap elementor-element-populated\">\n\t\t\t\t\t\t\t<div class=\"elementor-widget-wrap\">\n\t\t\t\t\t\t<div class=\"elementor-element elementor-element-41b9a64 elementor-widget elementor-widget-heading\" data-id=\"41b9a64\" data-element_type=\"widget\" data-widget_type=\"heading.default\">\n\t\t\t\t<div class=\"elementor-widget-container\">\n\t\t\t<p class=\"elementor-heading-title elementor-size-default\">Vous avez connaissance d\u2019un d\u00e9c\u00e8s et souhaitez en \u00e9tablir les droits successoraux ?<\/p>\t\t<\/div>\n\t\t\t\t<\/div>\n\t\t\t\t<div class=\"elementor-element elementor-element-ce17838 elementor-widget elementor-widget-heading\" data-id=\"ce17838\" data-element_type=\"widget\" data-widget_type=\"heading.default\">\n\t\t\t\t<div class=\"elementor-widget-container\">\n\t\t\t<h3 class=\"elementor-heading-title elementor-size-default\">Mandatez-nous<\/h3>\t\t<\/div>\n\t\t\t\t<\/div>\n\t\t\t\t<div class=\"elementor-element elementor-element-4735238 elementor-widget elementor-widget-testimonial\" data-id=\"4735238\" data-element_type=\"widget\" data-widget_type=\"testimonial.default\">\n\t\t\t\t<div class=\"elementor-widget-container\">\n\t\t\t\t\t<div class=\"elementor-testimonial-wrapper\">\n\t\t\t\t\t\t\t<div class=\"elementor-testimonial-content\"><br>Nos experts g\u00e9n\u00e9alogistes prennent en charge les recherches d\u2019h\u00e9ritiers et vous<br>accompagnent tout au long de la d\u00e9volution successorale.<br><br><\/div>\n\t\t\t\n\t\t\t\t\t<\/div>\n\t\t\t\t<\/div>\n\t\t\t\t<\/div>\n\t\t\t\t\t\t<\/div>\n\t\t\t\t\t<\/div>\n\t\t<\/div>\n\t\t\t\t\t\t\t\t<\/div>\n\t\t\t\t\t<\/div>\n\t\t<\/section>\n\t\t\t\t\t\t\t\t\t<\/div>\n\t\t\t<\/div>\n\t\t\t\t\t<\/div>\n\t\t","protected":false},"excerpt":{"rendered":"<p>Contact \u00c9crivez-nous 02 40 33 21 67 Que vous ayez une question sur une succession ou que vous souhaitiez nous mandater concernant un d\u00e9c\u00e8s dont vous avez connaissance, n\u2019h\u00e9sitez pas \u00e0 nous \u00e9crire ! contact@etude-genealex.com Vous avez connaissance d\u2019un d\u00e9c\u00e8s et souhaitez en \u00e9tablir les droits successoraux ? Mandatez-nous Nos experts g\u00e9n\u00e9alogistes prennent en charge [&hellip;]<\/p>\n","protected":false},"author":2,"featured_media":0,"parent":0,"menu_order":0,"comment_status":"closed","ping_status":"closed","template":"page-templates\/pagebuilder.php","meta":[],"_links":{"self":[{"href":"https:\/\/etude-genealex.com\/index.php\/wp-json\/wp\/v2\/pages\/174"}],"collection":[{"href":"https:\/\/etude-genealex.com\/index.php\/wp-json\/wp\/v2\/pages"}],"about":[{"href":"https:\/\/etude-genealex.com\/index.php\/wp-json\/wp\/v2\/types\/page"}],"author":[{"embeddable":true,"href":"https:\/\/etude-genealex.com\/index.php\/wp-json\/wp\/v2\/users\/2"}],"replies":[{"embeddable":true,"href":"https:\/\/etude-genealex.com\/index.php\/wp-json\/wp\/v2\/comments?post=174"}],"version-history":[{"count":42,"href":"https:\/\/etude-genealex.com\/index.php\/wp-json\/wp\/v2\/pages\/174\/revisions"}],"predecessor-version":[{"id":2952,"href":"https:\/\/etude-genealex.com\/index.php\/wp-json\/wp\/v2\/pages\/174\/revisions\/2952"}],"wp:attachment":[{"href":"https:\/\/etude-genealex.com\/index.php\/wp-json\/wp\/v2\/media?parent=174"}],"curies":[{"name":"wp","href":"https:\/\/api.w.org\/{rel}","templated":true}]}}